{"id":3147,"date":"2025-11-19T11:44:35","date_gmt":"2025-11-19T10:44:35","guid":{"rendered":"https:\/\/petsontheroad.be\/product\/os-au-calcium-au-poulet\/"},"modified":"2025-11-19T11:44:35","modified_gmt":"2025-11-19T10:44:35","slug":"os-au-calcium-au-poulet","status":"publish","type":"product","link":"https:\/\/petsontheroad.be\/fr\/produit\/os-au-calcium-au-poulet\/","title":{"rendered":"Os au calcium au poulet"},"content":{"rendered":"<p>7,5cm<\/p>\n<p><strong>Composition:<\/strong><\/p>\n<p>Poitrine de poulet (61 %), f\u00e9cule de pomme de terre, prot\u00e9ines de soja, min\u00e9raux, glyc\u00e9rine | recette sans gluten | sans sucres ajout\u00e9s | \u00c0 conserver dans un endroit frais et sec.<\/p>\n<p><strong>Constituants analytiques:<\/strong><\/p>\n<p>Teneur en mati\u00e8res grasses 2 %<br \/>\nTeneur en eau 15 %<br \/>\nProt\u00e9ines 30 %<br \/>\nCendres brutes 13 %<br \/>\nCellulose brute 1 %<\/p>\n","protected":false},"excerpt":{"rendered":"<p>7,5cm Composition: Poitrine de poulet (61 %), f\u00e9cule de pomme de terre, prot\u00e9ines de soja, min\u00e9raux, glyc\u00e9rine | recette sans gluten | sans sucres ajout\u00e9s | \u00c0 conserver dans un endroit frais et sec. Constituants analytiques: Teneur en mati\u00e8res grasses 2 % Teneur en eau 15 % Prot\u00e9ines 30 % Cendres brutes 13 % Cellulose [&hellip;]<\/p>\n","protected":false},"featured_media":2242,"menu_order":0,"comment_status":"closed","ping_status":"closed","template":"","meta":{"_acf_changed":false},"product_brand":[],"product_cat":[127],"product_tag":[],"class_list":{"0":"post-3147","1":"product","2":"type-product","3":"status-publish","4":"has-post-thumbnail","6":"product_cat-poulet","8":"first","9":"instock","10":"shipping-taxable","11":"purchasable","12":"product-type-simple"},"booking_location":null,"booking_location_type":null,"booking_duration":null,"booking_duration_unit":null,"booking_buffer":null,"booking_cost":null,"booking_resources":null,"acf":[],"_links":{"self":[{"href":"https:\/\/petsontheroad.be\/fr\/wp-json\/wp\/v2\/product\/3147","targetHints":{"allow":["GET"]}}],"collection":[{"href":"https:\/\/petsontheroad.be\/fr\/wp-json\/wp\/v2\/product"}],"about":[{"href":"https:\/\/petsontheroad.be\/fr\/wp-json\/wp\/v2\/types\/product"}],"replies":[{"embeddable":true,"href":"https:\/\/petsontheroad.be\/fr\/wp-json\/wp\/v2\/comments?post=3147"}],"wp:featuredmedia":[{"embeddable":true,"href":"https:\/\/petsontheroad.be\/fr\/wp-json\/wp\/v2\/media\/2242"}],"wp:attachment":[{"href":"https:\/\/petsontheroad.be\/fr\/wp-json\/wp\/v2\/media?parent=3147"}],"wp:term":[{"taxonomy":"product_brand","embeddable":true,"href":"https:\/\/petsontheroad.be\/fr\/wp-json\/wp\/v2\/product_brand?post=3147"},{"taxonomy":"product_cat","embeddable":true,"href":"https:\/\/petsontheroad.be\/fr\/wp-json\/wp\/v2\/product_cat?post=3147"},{"taxonomy":"product_tag","embeddable":true,"href":"https:\/\/petsontheroad.be\/fr\/wp-json\/wp\/v2\/product_tag?post=3147"}],"curies":[{"name":"wp","href":"https:\/\/api.w.org\/{rel}","templated":true}]}}