{"id":3192,"date":"2025-11-17T19:50:07","date_gmt":"2025-11-17T18:50:07","guid":{"rendered":"https:\/\/petsontheroad.be\/product\/oreilles-de-lapin-fourrees-au-poulet\/"},"modified":"2025-11-17T19:50:07","modified_gmt":"2025-11-17T18:50:07","slug":"oreilles-de-lapin-fourrees-au-poulet","status":"publish","type":"product","link":"https:\/\/petsontheroad.be\/fr\/produit\/oreilles-de-lapin-fourrees-au-poulet\/","title":{"rendered":"Oreilles de lapin fourr\u00e9es au poulet"},"content":{"rendered":"<p><strong>Composition:<\/strong><\/p>\n<p>Oreilles de lapin (45 %), viande de poulet (43 %), glyc\u00e9rine, sorbitol, f\u00e9cule de pomme de terre, min\u00e9raux | recette sans gluten | \u00c0 conserver dans un endroit frais et sec.<\/p>\n<p><strong>Constituants analytiques:<\/strong><\/p>\n<p>Mati\u00e8res grasses brutes 6,0 %<br \/>\nTeneur en eau 25,0 %<br \/>\nProt\u00e9ines brutes 40,0 %<br \/>\nCendres brutes 4,0 %<br \/>\nCellulose brute 2,0 %<\/p>\n","protected":false},"excerpt":{"rendered":"<p>Composition: Oreilles de lapin (45 %), viande de poulet (43 %), glyc\u00e9rine, sorbitol, f\u00e9cule de pomme de terre, min\u00e9raux | recette sans gluten | \u00c0 conserver dans un endroit frais et sec. Constituants analytiques: Mati\u00e8res grasses brutes 6,0 % Teneur en eau 25,0 % Prot\u00e9ines brutes 40,0 % Cendres brutes 4,0 % Cellulose brute 2,0 [&hellip;]<\/p>\n","protected":false},"featured_media":3191,"menu_order":0,"comment_status":"closed","ping_status":"closed","template":"","meta":{"_acf_changed":false},"product_brand":[],"product_cat":[128,127],"product_tag":[],"class_list":{"0":"post-3192","1":"product","2":"type-product","3":"status-publish","4":"has-post-thumbnail","6":"product_cat-lapin","7":"product_cat-poulet","9":"first","10":"instock","11":"shipping-taxable","12":"purchasable","13":"product-type-simple"},"booking_location":null,"booking_location_type":null,"booking_duration":null,"booking_duration_unit":null,"booking_buffer":null,"booking_cost":null,"booking_resources":null,"acf":[],"_links":{"self":[{"href":"https:\/\/petsontheroad.be\/fr\/wp-json\/wp\/v2\/product\/3192","targetHints":{"allow":["GET"]}}],"collection":[{"href":"https:\/\/petsontheroad.be\/fr\/wp-json\/wp\/v2\/product"}],"about":[{"href":"https:\/\/petsontheroad.be\/fr\/wp-json\/wp\/v2\/types\/product"}],"replies":[{"embeddable":true,"href":"https:\/\/petsontheroad.be\/fr\/wp-json\/wp\/v2\/comments?post=3192"}],"wp:featuredmedia":[{"embeddable":true,"href":"https:\/\/petsontheroad.be\/fr\/wp-json\/wp\/v2\/media\/3191"}],"wp:attachment":[{"href":"https:\/\/petsontheroad.be\/fr\/wp-json\/wp\/v2\/media?parent=3192"}],"wp:term":[{"taxonomy":"product_brand","embeddable":true,"href":"https:\/\/petsontheroad.be\/fr\/wp-json\/wp\/v2\/product_brand?post=3192"},{"taxonomy":"product_cat","embeddable":true,"href":"https:\/\/petsontheroad.be\/fr\/wp-json\/wp\/v2\/product_cat?post=3192"},{"taxonomy":"product_tag","embeddable":true,"href":"https:\/\/petsontheroad.be\/fr\/wp-json\/wp\/v2\/product_tag?post=3192"}],"curies":[{"name":"wp","href":"https:\/\/api.w.org\/{rel}","templated":true}]}}