{"id":3197,"date":"2025-11-18T19:26:21","date_gmt":"2025-11-18T18:26:21","guid":{"rendered":"https:\/\/petsontheroad.be\/product\/sucette-au-poulet-a-la-carotte-et-au-boeuf\/"},"modified":"2025-11-18T19:26:21","modified_gmt":"2025-11-18T18:26:21","slug":"sucette-au-poulet-a-la-carotte-et-au-boeuf","status":"publish","type":"product","link":"https:\/\/petsontheroad.be\/fr\/produit\/sucette-au-poulet-a-la-carotte-et-au-boeuf\/","title":{"rendered":"Sucette au poulet, \u00e0 la carotte et au b\u0153uf"},"content":{"rendered":"<p>12cm<\/p>\n<p><strong>Composition:<\/strong><\/p>\n<p>Poitrine de poulet (71 %), peau de b\u0153uf, glyc\u00e9rine, carottes (2 %), prot\u00e9ines de soja, amidon de ma\u00efs, min\u00e9raux | recette sans gluten | sans sucres ajout\u00e9s | \u00c0 conserver dans un endroit frais et sec.<br \/>\n<strong>Constituants analytiques:<\/strong><\/p>\n<p>Mati\u00e8res grasses brutes 5,0 %<br \/>\nTeneur en eau 18,0 %<br \/>\nProt\u00e9ines brutes 40,0 %<br \/>\nCendres brutes 4,0 %<br \/>\nCellulose brute 2,0 %<\/p>\n","protected":false},"excerpt":{"rendered":"<p>12cm Composition: Poitrine de poulet (71 %), peau de b\u0153uf, glyc\u00e9rine, carottes (2 %), prot\u00e9ines de soja, amidon de ma\u00efs, min\u00e9raux | recette sans gluten | sans sucres ajout\u00e9s | \u00c0 conserver dans un endroit frais et sec. Constituants analytiques: Mati\u00e8res grasses brutes 5,0 % Teneur en eau 18,0 % Prot\u00e9ines brutes 40,0 % Cendres [&hellip;]<\/p>\n","protected":false},"featured_media":3196,"menu_order":0,"comment_status":"closed","ping_status":"closed","template":"","meta":{"_acf_changed":false},"product_brand":[],"product_cat":[125,127],"product_tag":[],"class_list":{"0":"post-3197","1":"product","2":"type-product","3":"status-publish","4":"has-post-thumbnail","6":"product_cat-boeuf","7":"product_cat-poulet","9":"first","10":"instock","11":"shipping-taxable","12":"purchasable","13":"product-type-simple"},"booking_location":null,"booking_location_type":null,"booking_duration":null,"booking_duration_unit":null,"booking_buffer":null,"booking_cost":null,"booking_resources":null,"acf":[],"_links":{"self":[{"href":"https:\/\/petsontheroad.be\/fr\/wp-json\/wp\/v2\/product\/3197","targetHints":{"allow":["GET"]}}],"collection":[{"href":"https:\/\/petsontheroad.be\/fr\/wp-json\/wp\/v2\/product"}],"about":[{"href":"https:\/\/petsontheroad.be\/fr\/wp-json\/wp\/v2\/types\/product"}],"replies":[{"embeddable":true,"href":"https:\/\/petsontheroad.be\/fr\/wp-json\/wp\/v2\/comments?post=3197"}],"wp:featuredmedia":[{"embeddable":true,"href":"https:\/\/petsontheroad.be\/fr\/wp-json\/wp\/v2\/media\/3196"}],"wp:attachment":[{"href":"https:\/\/petsontheroad.be\/fr\/wp-json\/wp\/v2\/media?parent=3197"}],"wp:term":[{"taxonomy":"product_brand","embeddable":true,"href":"https:\/\/petsontheroad.be\/fr\/wp-json\/wp\/v2\/product_brand?post=3197"},{"taxonomy":"product_cat","embeddable":true,"href":"https:\/\/petsontheroad.be\/fr\/wp-json\/wp\/v2\/product_cat?post=3197"},{"taxonomy":"product_tag","embeddable":true,"href":"https:\/\/petsontheroad.be\/fr\/wp-json\/wp\/v2\/product_tag?post=3197"}],"curies":[{"name":"wp","href":"https:\/\/api.w.org\/{rel}","templated":true}]}}