{"id":3202,"date":"2025-11-18T19:37:27","date_gmt":"2025-11-18T18:37:27","guid":{"rendered":"https:\/\/petsontheroad.be\/product\/pizza-au-poulet-et-au-boeuf\/"},"modified":"2025-11-18T19:37:27","modified_gmt":"2025-11-18T18:37:27","slug":"pizza-au-poulet-et-au-boeuf","status":"publish","type":"product","link":"https:\/\/petsontheroad.be\/fr\/produit\/pizza-au-poulet-et-au-boeuf\/","title":{"rendered":"Pizza au poulet et au b\u0153uf"},"content":{"rendered":"<p>8cm<\/p>\n<p><strong>Composition:<\/strong><\/p>\n<p>Peau de b\u0153uf, poitrine de poulet (20 %), carottes, fromage, f\u00e9cule de pomme de terre, \u00e9pinards, glyc\u00e9rine, min\u00e9raux | recette sans gluten | sans sucres ajout\u00e9s | \u00c0 conserver dans un endroit frais et sec.<\/p>\n<p><strong>Constituants analytiques:<\/strong><br \/>\nMati\u00e8res grasses brutes 2,0 %<br \/>\nTeneur en eau 18,0 %<br \/>\nProt\u00e9ines brutes 62,0 %<br \/>\nCendres brutes 3,0 %<br \/>\nCellulose brute 1,0 %<\/p>\n","protected":false},"excerpt":{"rendered":"<p>8cm Composition: Peau de b\u0153uf, poitrine de poulet (20 %), carottes, fromage, f\u00e9cule de pomme de terre, \u00e9pinards, glyc\u00e9rine, min\u00e9raux | recette sans gluten | sans sucres ajout\u00e9s | \u00c0 conserver dans un endroit frais et sec. Constituants analytiques: Mati\u00e8res grasses brutes 2,0 % Teneur en eau 18,0 % Prot\u00e9ines brutes 62,0 % Cendres brutes [&hellip;]<\/p>\n","protected":false},"featured_media":2139,"menu_order":0,"comment_status":"closed","ping_status":"closed","template":"","meta":{"_acf_changed":false},"product_brand":[],"product_cat":[125,127],"product_tag":[],"class_list":{"0":"post-3202","1":"product","2":"type-product","3":"status-publish","4":"has-post-thumbnail","6":"product_cat-boeuf","7":"product_cat-poulet","9":"first","10":"instock","11":"shipping-taxable","12":"purchasable","13":"product-type-simple"},"booking_location":null,"booking_location_type":null,"booking_duration":null,"booking_duration_unit":null,"booking_buffer":null,"booking_cost":null,"booking_resources":null,"acf":[],"_links":{"self":[{"href":"https:\/\/petsontheroad.be\/fr\/wp-json\/wp\/v2\/product\/3202","targetHints":{"allow":["GET"]}}],"collection":[{"href":"https:\/\/petsontheroad.be\/fr\/wp-json\/wp\/v2\/product"}],"about":[{"href":"https:\/\/petsontheroad.be\/fr\/wp-json\/wp\/v2\/types\/product"}],"replies":[{"embeddable":true,"href":"https:\/\/petsontheroad.be\/fr\/wp-json\/wp\/v2\/comments?post=3202"}],"wp:featuredmedia":[{"embeddable":true,"href":"https:\/\/petsontheroad.be\/fr\/wp-json\/wp\/v2\/media\/2139"}],"wp:attachment":[{"href":"https:\/\/petsontheroad.be\/fr\/wp-json\/wp\/v2\/media?parent=3202"}],"wp:term":[{"taxonomy":"product_brand","embeddable":true,"href":"https:\/\/petsontheroad.be\/fr\/wp-json\/wp\/v2\/product_brand?post=3202"},{"taxonomy":"product_cat","embeddable":true,"href":"https:\/\/petsontheroad.be\/fr\/wp-json\/wp\/v2\/product_cat?post=3202"},{"taxonomy":"product_tag","embeddable":true,"href":"https:\/\/petsontheroad.be\/fr\/wp-json\/wp\/v2\/product_tag?post=3202"}],"curies":[{"name":"wp","href":"https:\/\/api.w.org\/{rel}","templated":true}]}}