{"id":3261,"date":"2025-12-04T18:11:57","date_gmt":"2025-12-04T17:11:57","guid":{"rendered":"https:\/\/petsontheroad.be\/product\/corne-dagneau-xl\/"},"modified":"2025-12-04T18:11:57","modified_gmt":"2025-12-04T17:11:57","slug":"corne-dagneau-xl","status":"publish","type":"product","link":"https:\/\/petsontheroad.be\/fr\/produit\/corne-dagneau-xl\/","title":{"rendered":"Corne d\u2019agneau XL"},"content":{"rendered":"<p>Longueur : \u00b1 25 cm.<br \/>\n(Il s\u2019agit d\u2019un produit naturel, la taille peut donc varier.)<br \/>\n<strong><br \/>\nComposition <\/strong>:<br \/>\n100 % agneau.<\/p>\n<p><strong>Constituants analytiques :<\/strong><br \/>\nProt\u00e9ines brutes : 68,1 %<br \/>\nMati\u00e8res grasses brutes : 9,9 %<br \/>\nCendres brutes : 7,4 %<br \/>Humidit\u00e9 : 13,6 %<\/p>\n","protected":false},"excerpt":{"rendered":"<p>Longueur : \u00b1 25 cm. (Il s\u2019agit d\u2019un produit naturel, la taille peut donc varier.) Composition : 100 % agneau. Constituants analytiques : Prot\u00e9ines brutes : 68,1 % Mati\u00e8res grasses brutes : 9,9 % Cendres brutes : 7,4 %Humidit\u00e9 : 13,6 %<\/p>\n","protected":false},"featured_media":2483,"menu_order":0,"comment_status":"closed","ping_status":"closed","template":"","meta":{"_acf_changed":false},"product_brand":[],"product_cat":[124],"product_tag":[],"class_list":{"0":"post-3261","1":"product","2":"type-product","3":"status-publish","4":"has-post-thumbnail","6":"product_cat-friandises-naturelles","8":"first","9":"instock","10":"shipping-taxable","11":"purchasable","12":"product-type-simple"},"booking_location":null,"booking_location_type":null,"booking_duration":null,"booking_duration_unit":null,"booking_buffer":null,"booking_cost":null,"booking_resources":null,"acf":[],"_links":{"self":[{"href":"https:\/\/petsontheroad.be\/fr\/wp-json\/wp\/v2\/product\/3261","targetHints":{"allow":["GET"]}}],"collection":[{"href":"https:\/\/petsontheroad.be\/fr\/wp-json\/wp\/v2\/product"}],"about":[{"href":"https:\/\/petsontheroad.be\/fr\/wp-json\/wp\/v2\/types\/product"}],"replies":[{"embeddable":true,"href":"https:\/\/petsontheroad.be\/fr\/wp-json\/wp\/v2\/comments?post=3261"}],"wp:featuredmedia":[{"embeddable":true,"href":"https:\/\/petsontheroad.be\/fr\/wp-json\/wp\/v2\/media\/2483"}],"wp:attachment":[{"href":"https:\/\/petsontheroad.be\/fr\/wp-json\/wp\/v2\/media?parent=3261"}],"wp:term":[{"taxonomy":"product_brand","embeddable":true,"href":"https:\/\/petsontheroad.be\/fr\/wp-json\/wp\/v2\/product_brand?post=3261"},{"taxonomy":"product_cat","embeddable":true,"href":"https:\/\/petsontheroad.be\/fr\/wp-json\/wp\/v2\/product_cat?post=3261"},{"taxonomy":"product_tag","embeddable":true,"href":"https:\/\/petsontheroad.be\/fr\/wp-json\/wp\/v2\/product_tag?post=3261"}],"curies":[{"name":"wp","href":"https:\/\/api.w.org\/{rel}","templated":true}]}}