{"id":3274,"date":"2025-12-01T12:27:38","date_gmt":"2025-12-01T11:27:38","guid":{"rendered":"https:\/\/petsontheroad.be\/product\/pied-de-boeuf-20-cm\/"},"modified":"2025-12-01T12:27:38","modified_gmt":"2025-12-01T11:27:38","slug":"pied-de-boeuf-20-cm","status":"publish","type":"product","link":"https:\/\/petsontheroad.be\/fr\/produit\/pied-de-boeuf-20-cm\/","title":{"rendered":"Pied de b\u0153uf 20 cm"},"content":{"rendered":"<p>Snack \u00e0 m\u00e2cher robuste pour chiens, fabriqu\u00e9 \u00e0 partir de pied de b\u0153uf 100 % naturel.<br \/>\n<strong><br \/>\nComposition <\/strong>:<br \/>\nPied de b\u0153uf.<\/p>\n<p><strong>Constituants analytiques :<\/strong><br \/>\nProt\u00e9ines brutes : 19,6 %<br \/>\nMati\u00e8res grasses brutes : 16 %<br \/>Humidit\u00e9 : 4,8 %<\/p>\n","protected":false},"excerpt":{"rendered":"<p>Snack \u00e0 m\u00e2cher robuste pour chiens, fabriqu\u00e9 \u00e0 partir de pied de b\u0153uf 100 % naturel. Composition : Pied de b\u0153uf. Constituants analytiques : Prot\u00e9ines brutes : 19,6 % Mati\u00e8res grasses brutes : 16 %Humidit\u00e9 : 4,8 %<\/p>\n","protected":false},"featured_media":2376,"menu_order":0,"comment_status":"closed","ping_status":"closed","template":"","meta":{"_acf_changed":false},"product_brand":[],"product_cat":[125,124],"product_tag":[],"class_list":{"0":"post-3274","1":"product","2":"type-product","3":"status-publish","4":"has-post-thumbnail","6":"product_cat-boeuf","7":"product_cat-friandises-naturelles","9":"first","10":"instock","11":"shipping-taxable","12":"purchasable","13":"product-type-simple"},"booking_location":null,"booking_location_type":null,"booking_duration":null,"booking_duration_unit":null,"booking_buffer":null,"booking_cost":null,"booking_resources":null,"acf":[],"_links":{"self":[{"href":"https:\/\/petsontheroad.be\/fr\/wp-json\/wp\/v2\/product\/3274","targetHints":{"allow":["GET"]}}],"collection":[{"href":"https:\/\/petsontheroad.be\/fr\/wp-json\/wp\/v2\/product"}],"about":[{"href":"https:\/\/petsontheroad.be\/fr\/wp-json\/wp\/v2\/types\/product"}],"replies":[{"embeddable":true,"href":"https:\/\/petsontheroad.be\/fr\/wp-json\/wp\/v2\/comments?post=3274"}],"wp:featuredmedia":[{"embeddable":true,"href":"https:\/\/petsontheroad.be\/fr\/wp-json\/wp\/v2\/media\/2376"}],"wp:attachment":[{"href":"https:\/\/petsontheroad.be\/fr\/wp-json\/wp\/v2\/media?parent=3274"}],"wp:term":[{"taxonomy":"product_brand","embeddable":true,"href":"https:\/\/petsontheroad.be\/fr\/wp-json\/wp\/v2\/product_brand?post=3274"},{"taxonomy":"product_cat","embeddable":true,"href":"https:\/\/petsontheroad.be\/fr\/wp-json\/wp\/v2\/product_cat?post=3274"},{"taxonomy":"product_tag","embeddable":true,"href":"https:\/\/petsontheroad.be\/fr\/wp-json\/wp\/v2\/product_tag?post=3274"}],"curies":[{"name":"wp","href":"https:\/\/api.w.org\/{rel}","templated":true}]}}