{"id":3278,"date":"2025-11-19T16:14:43","date_gmt":"2025-11-19T15:14:43","guid":{"rendered":"https:\/\/petsontheroad.be\/product\/oreille-de-boeuf-avec-cartilage\/"},"modified":"2025-11-19T16:14:43","modified_gmt":"2025-11-19T15:14:43","slug":"oreille-de-boeuf-avec-cartilage","status":"publish","type":"product","link":"https:\/\/petsontheroad.be\/fr\/produit\/oreille-de-boeuf-avec-cartilage\/","title":{"rendered":"Oreille de b\u0153uf avec cartilage"},"content":{"rendered":"<p>Environ 20 cm.<br \/>\nProduit naturel, la taille peut donc varier.<br \/>\n<strong><br \/>\nComposition <\/strong>:<br \/>\n100 % b\u0153uf.<\/p>\n<p><strong>Constituants analytiques :<\/strong><br \/>\nProt\u00e9ines brutes : 80,4 %<br \/>\nMati\u00e8res grasses brutes : 8,1 %<br \/>\nCendres brutes : 4,2 %<\/p>\n","protected":false},"excerpt":{"rendered":"<p>Environ 20 cm. Produit naturel, la taille peut donc varier. Composition : 100 % b\u0153uf. Constituants analytiques : Prot\u00e9ines brutes : 80,4 % Mati\u00e8res grasses brutes : 8,1 % Cendres brutes : 4,2 %<\/p>\n","protected":false},"featured_media":3277,"menu_order":0,"comment_status":"closed","ping_status":"closed","template":"","meta":{"_acf_changed":false},"product_brand":[],"product_cat":[125,124],"product_tag":[],"class_list":{"0":"post-3278","1":"product","2":"type-product","3":"status-publish","4":"has-post-thumbnail","6":"product_cat-boeuf","7":"product_cat-friandises-naturelles","9":"first","10":"outofstock","11":"shipping-taxable","12":"purchasable","13":"product-type-simple"},"booking_location":null,"booking_location_type":null,"booking_duration":null,"booking_duration_unit":null,"booking_buffer":null,"booking_cost":null,"booking_resources":null,"acf":[],"_links":{"self":[{"href":"https:\/\/petsontheroad.be\/fr\/wp-json\/wp\/v2\/product\/3278","targetHints":{"allow":["GET"]}}],"collection":[{"href":"https:\/\/petsontheroad.be\/fr\/wp-json\/wp\/v2\/product"}],"about":[{"href":"https:\/\/petsontheroad.be\/fr\/wp-json\/wp\/v2\/types\/product"}],"replies":[{"embeddable":true,"href":"https:\/\/petsontheroad.be\/fr\/wp-json\/wp\/v2\/comments?post=3278"}],"wp:featuredmedia":[{"embeddable":true,"href":"https:\/\/petsontheroad.be\/fr\/wp-json\/wp\/v2\/media\/3277"}],"wp:attachment":[{"href":"https:\/\/petsontheroad.be\/fr\/wp-json\/wp\/v2\/media?parent=3278"}],"wp:term":[{"taxonomy":"product_brand","embeddable":true,"href":"https:\/\/petsontheroad.be\/fr\/wp-json\/wp\/v2\/product_brand?post=3278"},{"taxonomy":"product_cat","embeddable":true,"href":"https:\/\/petsontheroad.be\/fr\/wp-json\/wp\/v2\/product_cat?post=3278"},{"taxonomy":"product_tag","embeddable":true,"href":"https:\/\/petsontheroad.be\/fr\/wp-json\/wp\/v2\/product_tag?post=3278"}],"curies":[{"name":"wp","href":"https:\/\/api.w.org\/{rel}","templated":true}]}}