{"id":3336,"date":"2025-11-18T19:12:41","date_gmt":"2025-11-18T18:12:41","guid":{"rendered":"https:\/\/petsontheroad.be\/product\/sucette-au-boeuf-et-a-la-morue\/"},"modified":"2025-11-18T19:12:41","modified_gmt":"2025-11-18T18:12:41","slug":"sucette-au-boeuf-et-a-la-morue","status":"publish","type":"product","link":"https:\/\/petsontheroad.be\/fr\/produit\/sucette-au-boeuf-et-a-la-morue\/","title":{"rendered":"Sucette au b\u0153uf et \u00e0 la morue"},"content":{"rendered":"<p>9 cm<br \/>\n<strong><br \/>\nComposition <\/strong>:<br \/>\nMorue (76 %), peau de b\u0153uf, glyc\u00e9rine, farine de bl\u00e9, amidon de ma\u00efs, min\u00e9raux | sans sucres ajout\u00e9s | conserver au sec et au frais.<\/p>\n<p><strong>Constituants analytiques :<\/strong><br \/>\nMati\u00e8res grasses : 5,0 %<br \/>\nHumidit\u00e9 : 18,0 %<br \/>\nProt\u00e9ines : 40,0 %<br \/>\nCendres brutes : 4,0 %<br \/>\nFibres brutes : 1,0 %<\/p>\n","protected":false},"excerpt":{"rendered":"<p>9 cm Composition : Morue (76 %), peau de b\u0153uf, glyc\u00e9rine, farine de bl\u00e9, amidon de ma\u00efs, min\u00e9raux | sans sucres ajout\u00e9s | conserver au sec et au frais. Constituants analytiques : Mati\u00e8res grasses : 5,0 % Humidit\u00e9 : 18,0 % Prot\u00e9ines : 40,0 % Cendres brutes : 4,0 % Fibres brutes : 1,0 %<\/p>\n","protected":false},"featured_media":3335,"menu_order":0,"comment_status":"closed","ping_status":"closed","template":"","meta":{"_acf_changed":false},"product_brand":[],"product_cat":[125,132],"product_tag":[],"class_list":{"0":"post-3336","1":"product","2":"type-product","3":"status-publish","4":"has-post-thumbnail","6":"product_cat-boeuf","7":"product_cat-poisson","9":"first","10":"instock","11":"shipping-taxable","12":"purchasable","13":"product-type-simple"},"booking_location":null,"booking_location_type":null,"booking_duration":null,"booking_duration_unit":null,"booking_buffer":null,"booking_cost":null,"booking_resources":null,"acf":[],"_links":{"self":[{"href":"https:\/\/petsontheroad.be\/fr\/wp-json\/wp\/v2\/product\/3336","targetHints":{"allow":["GET"]}}],"collection":[{"href":"https:\/\/petsontheroad.be\/fr\/wp-json\/wp\/v2\/product"}],"about":[{"href":"https:\/\/petsontheroad.be\/fr\/wp-json\/wp\/v2\/types\/product"}],"replies":[{"embeddable":true,"href":"https:\/\/petsontheroad.be\/fr\/wp-json\/wp\/v2\/comments?post=3336"}],"wp:featuredmedia":[{"embeddable":true,"href":"https:\/\/petsontheroad.be\/fr\/wp-json\/wp\/v2\/media\/3335"}],"wp:attachment":[{"href":"https:\/\/petsontheroad.be\/fr\/wp-json\/wp\/v2\/media?parent=3336"}],"wp:term":[{"taxonomy":"product_brand","embeddable":true,"href":"https:\/\/petsontheroad.be\/fr\/wp-json\/wp\/v2\/product_brand?post=3336"},{"taxonomy":"product_cat","embeddable":true,"href":"https:\/\/petsontheroad.be\/fr\/wp-json\/wp\/v2\/product_cat?post=3336"},{"taxonomy":"product_tag","embeddable":true,"href":"https:\/\/petsontheroad.be\/fr\/wp-json\/wp\/v2\/product_tag?post=3336"}],"curies":[{"name":"wp","href":"https:\/\/api.w.org\/{rel}","templated":true}]}}