{"id":3386,"date":"2026-02-05T16:03:55","date_gmt":"2026-02-05T15:03:55","guid":{"rendered":"https:\/\/petsontheroad.be\/product\/norfolk-terrier\/"},"modified":"2026-02-05T16:03:55","modified_gmt":"2026-02-05T15:03:55","slug":"norfolk-terrier","status":"publish","type":"product","link":"https:\/\/petsontheroad.be\/fr\/produit\/norfolk-terrier\/","title":{"rendered":"Norfolk terrier"},"content":{"rendered":"<p>Ce jouet pour chien ultra-doux en forme de chien adorable est le compagnon id\u00e9al pour les c\u00e2lins et les moments de jeu de votre compagnon \u00e0 quatre pattes !<\/p>\n<p>Gr\u00e2ce au bruit croustillant int\u00e9gr\u00e9, ce jouet offre un plaisir de jeu suppl\u00e9mentaire et stimule l\u2019instinct naturel de chasse et de jeu de votre chien. Id\u00e9al pour jouer ensemble ou pour se blottir confortablement.<\/p>\n","protected":false},"excerpt":{"rendered":"<p>Ce jouet pour chien ultra-doux en forme de chien adorable est le compagnon id\u00e9al pour les c\u00e2lins et les moments de jeu de votre compagnon \u00e0 quatre pattes ! Gr\u00e2ce au bruit croustillant int\u00e9gr\u00e9, ce jouet offre un plaisir de jeu suppl\u00e9mentaire et stimule l\u2019instinct naturel de chasse et de jeu de votre chien. Id\u00e9al [&hellip;]<\/p>\n","protected":false},"featured_media":3385,"menu_order":0,"comment_status":"closed","ping_status":"closed","template":"","meta":{"_acf_changed":false},"product_brand":[],"product_cat":[139],"product_tag":[],"class_list":{"0":"post-3386","1":"product","2":"type-product","3":"status-publish","4":"has-post-thumbnail","6":"product_cat-jouets","8":"first","9":"instock","10":"shipping-taxable","11":"purchasable","12":"product-type-variable"},"booking_location":null,"booking_location_type":null,"booking_duration":null,"booking_duration_unit":null,"booking_buffer":null,"booking_cost":null,"booking_resources":null,"acf":[],"_links":{"self":[{"href":"https:\/\/petsontheroad.be\/fr\/wp-json\/wp\/v2\/product\/3386","targetHints":{"allow":["GET"]}}],"collection":[{"href":"https:\/\/petsontheroad.be\/fr\/wp-json\/wp\/v2\/product"}],"about":[{"href":"https:\/\/petsontheroad.be\/fr\/wp-json\/wp\/v2\/types\/product"}],"replies":[{"embeddable":true,"href":"https:\/\/petsontheroad.be\/fr\/wp-json\/wp\/v2\/comments?post=3386"}],"wp:featuredmedia":[{"embeddable":true,"href":"https:\/\/petsontheroad.be\/fr\/wp-json\/wp\/v2\/media\/3385"}],"wp:attachment":[{"href":"https:\/\/petsontheroad.be\/fr\/wp-json\/wp\/v2\/media?parent=3386"}],"wp:term":[{"taxonomy":"product_brand","embeddable":true,"href":"https:\/\/petsontheroad.be\/fr\/wp-json\/wp\/v2\/product_brand?post=3386"},{"taxonomy":"product_cat","embeddable":true,"href":"https:\/\/petsontheroad.be\/fr\/wp-json\/wp\/v2\/product_cat?post=3386"},{"taxonomy":"product_tag","embeddable":true,"href":"https:\/\/petsontheroad.be\/fr\/wp-json\/wp\/v2\/product_tag?post=3386"}],"curies":[{"name":"wp","href":"https:\/\/api.w.org\/{rel}","templated":true}]}}