{"id":3420,"date":"2026-02-07T10:18:15","date_gmt":"2026-02-07T09:18:15","guid":{"rendered":"https:\/\/petsontheroad.be\/product\/short-dentrainement\/"},"modified":"2026-02-07T10:18:15","modified_gmt":"2026-02-07T09:18:15","slug":"short-dentrainement","status":"publish","type":"product","link":"https:\/\/petsontheroad.be\/fr\/produit\/short-dentrainement\/","title":{"rendered":"Short d\u2019entra\u00eenement"},"content":{"rendered":"<p>Ce short d\u2019entra\u00eenement pratique est id\u00e9al pour toute personne active avec des chiens, aussi bien lors des s\u00e9ances d\u2019entra\u00eenement que pendant les promenades. Son design associe une apparence soign\u00e9e \u00e0 une fonctionnalit\u00e9 r\u00e9fl\u00e9chie, afin que vous ayez toujours tout le n\u00e9cessaire \u00e0 port\u00e9e de main.<\/p>\n<p><em>Caract\u00e9ristiques :<\/em><\/p>\n<ul>\n<li>Grandes possibilit\u00e9s de rangement.<br \/>\n\u00c9quip\u00e9 de poches obliques sur les deux c\u00f4t\u00e9s et \u00e0 l\u2019arri\u00e8re, compl\u00e9t\u00e9es par des poches suppl\u00e9mentaires avec rabat et fermeture magn\u00e9tique pour un acc\u00e8s rapide.<\/li>\n<li>Coupe confortable et stable<br \/>\nLa ceinture r\u00e9glable garantit un maintien parfait du short, m\u00eame lors de mouvements intensifs.<\/li>\n<li>D\u00e9tails pratiques<br \/>\n\u00c0 l\u2019arri\u00e8re se trouve un anneau permettant de fixer des accessoires \u00e0 l\u2019aide d\u2019un mousqueton.<\/li>\n<li>Design intemporel<br \/>\nLa couleur noire rend ce short adapt\u00e9 \u00e0 toutes les situations : entra\u00eenement, promenade ou travail avec des chiens.<\/li>\n<\/ul>\n<p><em>Tailles disponibles :<\/em><\/p>\n<ul>\n<li>XS\/S \u2013 extensible jusqu\u2019\u00e0 86 cm<\/li>\n<li>M\/L \u2013 extensible jusqu\u2019\u00e0 94 cm<\/li>\n<li>XL\/XXL \u2013 extensible jusqu\u2019\u00e0 100 cm<\/li>\n<\/ul>\n","protected":false},"excerpt":{"rendered":"<p>Ce short d\u2019entra\u00eenement pratique est id\u00e9al pour toute personne active avec des chiens, aussi bien lors des s\u00e9ances d\u2019entra\u00eenement que pendant les promenades. Son design associe une apparence soign\u00e9e \u00e0 une fonctionnalit\u00e9 r\u00e9fl\u00e9chie, afin que vous ayez toujours tout le n\u00e9cessaire \u00e0 port\u00e9e de main. Caract\u00e9ristiques : Grandes possibilit\u00e9s de rangement. \u00c9quip\u00e9 de poches obliques [&hellip;]<\/p>\n","protected":false},"featured_media":3419,"menu_order":0,"comment_status":"closed","ping_status":"closed","template":"","meta":{"_acf_changed":false},"product_brand":[],"product_cat":[140],"product_tag":[],"class_list":{"0":"post-3420","1":"product","2":"type-product","3":"status-publish","4":"has-post-thumbnail","6":"product_cat-friandises-dentrainement","8":"first","9":"instock","10":"shipping-taxable","11":"purchasable","12":"product-type-variable"},"booking_location":null,"booking_location_type":null,"booking_duration":null,"booking_duration_unit":null,"booking_buffer":null,"booking_cost":null,"booking_resources":null,"acf":[],"_links":{"self":[{"href":"https:\/\/petsontheroad.be\/fr\/wp-json\/wp\/v2\/product\/3420","targetHints":{"allow":["GET"]}}],"collection":[{"href":"https:\/\/petsontheroad.be\/fr\/wp-json\/wp\/v2\/product"}],"about":[{"href":"https:\/\/petsontheroad.be\/fr\/wp-json\/wp\/v2\/types\/product"}],"replies":[{"embeddable":true,"href":"https:\/\/petsontheroad.be\/fr\/wp-json\/wp\/v2\/comments?post=3420"}],"wp:featuredmedia":[{"embeddable":true,"href":"https:\/\/petsontheroad.be\/fr\/wp-json\/wp\/v2\/media\/3419"}],"wp:attachment":[{"href":"https:\/\/petsontheroad.be\/fr\/wp-json\/wp\/v2\/media?parent=3420"}],"wp:term":[{"taxonomy":"product_brand","embeddable":true,"href":"https:\/\/petsontheroad.be\/fr\/wp-json\/wp\/v2\/product_brand?post=3420"},{"taxonomy":"product_cat","embeddable":true,"href":"https:\/\/petsontheroad.be\/fr\/wp-json\/wp\/v2\/product_cat?post=3420"},{"taxonomy":"product_tag","embeddable":true,"href":"https:\/\/petsontheroad.be\/fr\/wp-json\/wp\/v2\/product_tag?post=3420"}],"curies":[{"name":"wp","href":"https:\/\/api.w.org\/{rel}","templated":true}]}}