{"id":3450,"date":"2026-02-11T14:12:37","date_gmt":"2026-02-11T13:12:37","guid":{"rendered":"https:\/\/petsontheroad.be\/product\/coupe-ongles\/"},"modified":"2026-02-21T14:12:29","modified_gmt":"2026-02-21T13:12:29","slug":"coupe-ongles","status":"publish","type":"product","link":"https:\/\/petsontheroad.be\/fr\/produit\/coupe-ongles\/","title":{"rendered":"Coupe-ongles"},"content":{"rendered":"<ul>\n<li>Avec syst\u00e8me de s\u00e9curit\u00e9 : protection suppl\u00e9mentaire emp\u00eachant de couper les ongles trop courts.<\/li>\n<li>Acier inoxydable.<\/li>\n<li>Poign\u00e9es en plastique avec rev\u00eatement en caoutchouc antid\u00e9rapant.<\/li>\n<\/ul>\n","protected":false},"excerpt":{"rendered":"<p>Avec syst\u00e8me de s\u00e9curit\u00e9 : protection suppl\u00e9mentaire emp\u00eachant de couper les ongles trop courts. Acier inoxydable. Poign\u00e9es en plastique avec rev\u00eatement en caoutchouc antid\u00e9rapant.<\/p>\n","protected":false},"featured_media":3032,"menu_order":0,"comment_status":"closed","ping_status":"closed","template":"","meta":{"_acf_changed":false},"product_brand":[],"product_cat":[141],"product_tag":[],"class_list":{"0":"post-3450","1":"product","2":"type-product","3":"status-publish","4":"has-post-thumbnail","6":"product_cat-soins","8":"first","9":"instock","10":"shipping-taxable","11":"purchasable","12":"product-type-variable"},"booking_location":null,"booking_location_type":null,"booking_duration":null,"booking_duration_unit":null,"booking_buffer":null,"booking_cost":null,"booking_resources":null,"acf":[],"_links":{"self":[{"href":"https:\/\/petsontheroad.be\/fr\/wp-json\/wp\/v2\/product\/3450","targetHints":{"allow":["GET"]}}],"collection":[{"href":"https:\/\/petsontheroad.be\/fr\/wp-json\/wp\/v2\/product"}],"about":[{"href":"https:\/\/petsontheroad.be\/fr\/wp-json\/wp\/v2\/types\/product"}],"replies":[{"embeddable":true,"href":"https:\/\/petsontheroad.be\/fr\/wp-json\/wp\/v2\/comments?post=3450"}],"wp:featuredmedia":[{"embeddable":true,"href":"https:\/\/petsontheroad.be\/fr\/wp-json\/wp\/v2\/media\/3032"}],"wp:attachment":[{"href":"https:\/\/petsontheroad.be\/fr\/wp-json\/wp\/v2\/media?parent=3450"}],"wp:term":[{"taxonomy":"product_brand","embeddable":true,"href":"https:\/\/petsontheroad.be\/fr\/wp-json\/wp\/v2\/product_brand?post=3450"},{"taxonomy":"product_cat","embeddable":true,"href":"https:\/\/petsontheroad.be\/fr\/wp-json\/wp\/v2\/product_cat?post=3450"},{"taxonomy":"product_tag","embeddable":true,"href":"https:\/\/petsontheroad.be\/fr\/wp-json\/wp\/v2\/product_tag?post=3450"}],"curies":[{"name":"wp","href":"https:\/\/api.w.org\/{rel}","templated":true}]}}