{"id":3516,"date":"2026-02-04T10:19:00","date_gmt":"2026-02-04T09:19:00","guid":{"rendered":"https:\/\/petsontheroad.be\/product\/ydolo-wild-fish\/"},"modified":"2026-02-04T10:19:00","modified_gmt":"2026-02-04T09:19:00","slug":"ydolo-wild-fish","status":"publish","type":"product","link":"https:\/\/petsontheroad.be\/fr\/produit\/ydolo-wild-fish\/","title":{"rendered":"Ydolo Wild Fish"},"content":{"rendered":"<ul>\n<li>Prot\u00e8ge les articulations<\/li>\n<li>Soutient le foie et les reins<\/li>\n<li>100 % naturel et hypoallerg\u00e9nique<\/li>\n<li>Pour les estomacs sensibles et la digestion<\/li>\n<\/ul>\n<p><!--more--><\/p>\n<p>Ingr\u00e9dients YDOLO Poisson Sauvage : 75 % de poisson sauvage frais (25 % sardines, 25 % anchois, 15 % maquereau, 10 % dorade), 20 % patate douce, 3 % m\u00e9lange sant\u00e9 : (banane (5982 mg\/kg), artichaut, chicor\u00e9e, luzerne, pommes (2393 mg\/kg), potiron, canneberges (1795 mg\/kg), moule verte \u00e0 l\u00e8vres vertes (1496 mg\/kg), th\u00e9 vert (1196 mg\/kg), romarin (897 mg\/kg), thym (748 mg\/kg), origan (449 mg\/kg), chardon-Marie, spiruline, huile d\u2019olive, yucca, cordyceps (179 mg\/kg), shiitak\u00e9, pissenlit, gingembre, curcuma), 1 % huile de truite, glucosamine (1000 mg\/kg), chondro\u00eftine (850 mg\/kg), MSM (650 mg\/kg).<\/p>\n<p>Composition analytique YDOLO Wild Fish : prot\u00e9ines brutes 27,2 %, mati\u00e8res grasses brutes 16,4 %, cendres brutes 8,7 %, fibres brutes 2 %, humidit\u00e9 17,7 %, calcium (Ca) 1,2 %, phosphore (P) 1,0 %. \u00c9nergie m\u00e9tabolisable : 3684 kcal\/kg.<\/p>\n","protected":false},"excerpt":{"rendered":"<p>Prot\u00e8ge les articulations Soutient le foie et les reins 100 % naturel et hypoallerg\u00e9nique Pour les estomacs sensibles et la digestion<\/p>\n","protected":false},"featured_media":2729,"menu_order":0,"comment_status":"closed","ping_status":"closed","template":"","meta":{"_acf_changed":false},"product_brand":[],"product_cat":[142,134],"product_tag":[],"class_list":{"0":"post-3516","1":"product","2":"type-product","3":"status-publish","4":"has-post-thumbnail","6":"product_cat-alimentation","7":"product_cat-ydolo","9":"first","10":"instock","11":"shipping-taxable","12":"purchasable","13":"product-type-variable"},"booking_location":null,"booking_location_type":null,"booking_duration":null,"booking_duration_unit":null,"booking_buffer":null,"booking_cost":null,"booking_resources":null,"acf":[],"_links":{"self":[{"href":"https:\/\/petsontheroad.be\/fr\/wp-json\/wp\/v2\/product\/3516","targetHints":{"allow":["GET"]}}],"collection":[{"href":"https:\/\/petsontheroad.be\/fr\/wp-json\/wp\/v2\/product"}],"about":[{"href":"https:\/\/petsontheroad.be\/fr\/wp-json\/wp\/v2\/types\/product"}],"replies":[{"embeddable":true,"href":"https:\/\/petsontheroad.be\/fr\/wp-json\/wp\/v2\/comments?post=3516"}],"wp:featuredmedia":[{"embeddable":true,"href":"https:\/\/petsontheroad.be\/fr\/wp-json\/wp\/v2\/media\/2729"}],"wp:attachment":[{"href":"https:\/\/petsontheroad.be\/fr\/wp-json\/wp\/v2\/media?parent=3516"}],"wp:term":[{"taxonomy":"product_brand","embeddable":true,"href":"https:\/\/petsontheroad.be\/fr\/wp-json\/wp\/v2\/product_brand?post=3516"},{"taxonomy":"product_cat","embeddable":true,"href":"https:\/\/petsontheroad.be\/fr\/wp-json\/wp\/v2\/product_cat?post=3516"},{"taxonomy":"product_tag","embeddable":true,"href":"https:\/\/petsontheroad.be\/fr\/wp-json\/wp\/v2\/product_tag?post=3516"}],"curies":[{"name":"wp","href":"https:\/\/api.w.org\/{rel}","templated":true}]}}