{"id":3560,"date":"2026-02-18T09:47:37","date_gmt":"2026-02-18T08:47:37","guid":{"rendered":"https:\/\/petsontheroad.be\/product\/le-sac-crossbody-beige\/"},"modified":"2026-02-18T09:47:37","modified_gmt":"2026-02-18T08:47:37","slug":"le-sac-crossbody-beige","status":"publish","type":"product","link":"https:\/\/petsontheroad.be\/fr\/produit\/le-sac-crossbody-beige\/","title":{"rendered":"Le sac crossbody beige"},"content":{"rendered":"<p>Le sac crossbody est le compagnon id\u00e9al pour celles et ceux qui souhaitent allier fonctionnalit\u00e9 et look moderne et intemporel. Ce sac compact est con\u00e7u pour un usage quotidien et est parfait pour les promenades, les sorties ou les city-trips, lorsque vous souhaitez garder les mains libres.<\/p>\n<p>Le sac est fabriqu\u00e9 dans un mat\u00e9riau l\u00e9ger et durable et reste confortable, m\u00eame lors d\u2019un port prolong\u00e9. Gr\u00e2ce \u00e0 la bandouli\u00e8re r\u00e9glable, vous le portez exactement comme vous le souhaitez : en crossbody ou sur l\u2019\u00e9paule. Le compartiment principal offre suffisamment d\u2019espace pour vos essentiels tels que t\u00e9l\u00e9phone, portefeuille, cl\u00e9s et autres petits objets indispensables.<\/p>\n<p>La subtile teinte de couleur est \u00e9l\u00e9gamment mise en valeur par des d\u00e9tails de fermeture \u00e9clair contrast\u00e9s, donnant \u00e0 ce sac une allure sportive mais raffin\u00e9e.<\/p>\n<p>Pourquoi vous voudrez ce sac :<\/p>\n<ul>\n<li>L\u00e9ger et confortable \u00e0 l\u2019usage<\/li>\n<li>Bandouli\u00e8re r\u00e9glable<\/li>\n<li>Agencement pratique avec plusieurs poches zipp\u00e9es<\/li>\n<li>Design intemporel qui s\u2019accorde avec toutes les tenues<\/li>\n<li>Id\u00e9al pour un usage quotidien, les voyages ou les promenades<\/li>\n<\/ul>\n","protected":false},"excerpt":{"rendered":"<p>Le sac crossbody est le compagnon id\u00e9al pour celles et ceux qui souhaitent allier fonctionnalit\u00e9 et look moderne et intemporel. Ce sac compact est con\u00e7u pour un usage quotidien et est parfait pour les promenades, les sorties ou les city-trips, lorsque vous souhaitez garder les mains libres. Le sac est fabriqu\u00e9 dans un mat\u00e9riau l\u00e9ger [&hellip;]<\/p>\n","protected":false},"featured_media":3082,"menu_order":0,"comment_status":"closed","ping_status":"closed","template":"","meta":{"_acf_changed":false},"product_brand":[],"product_cat":[162],"product_tag":[],"class_list":{"0":"post-3560","1":"product","2":"type-product","3":"status-publish","4":"has-post-thumbnail","6":"product_cat-pour-le-maitre","8":"first","9":"instock","10":"shipping-taxable","11":"purchasable","12":"product-type-simple"},"booking_location":null,"booking_location_type":null,"booking_duration":null,"booking_duration_unit":null,"booking_buffer":null,"booking_cost":null,"booking_resources":null,"acf":[],"_links":{"self":[{"href":"https:\/\/petsontheroad.be\/fr\/wp-json\/wp\/v2\/product\/3560","targetHints":{"allow":["GET"]}}],"collection":[{"href":"https:\/\/petsontheroad.be\/fr\/wp-json\/wp\/v2\/product"}],"about":[{"href":"https:\/\/petsontheroad.be\/fr\/wp-json\/wp\/v2\/types\/product"}],"replies":[{"embeddable":true,"href":"https:\/\/petsontheroad.be\/fr\/wp-json\/wp\/v2\/comments?post=3560"}],"wp:featuredmedia":[{"embeddable":true,"href":"https:\/\/petsontheroad.be\/fr\/wp-json\/wp\/v2\/media\/3082"}],"wp:attachment":[{"href":"https:\/\/petsontheroad.be\/fr\/wp-json\/wp\/v2\/media?parent=3560"}],"wp:term":[{"taxonomy":"product_brand","embeddable":true,"href":"https:\/\/petsontheroad.be\/fr\/wp-json\/wp\/v2\/product_brand?post=3560"},{"taxonomy":"product_cat","embeddable":true,"href":"https:\/\/petsontheroad.be\/fr\/wp-json\/wp\/v2\/product_cat?post=3560"},{"taxonomy":"product_tag","embeddable":true,"href":"https:\/\/petsontheroad.be\/fr\/wp-json\/wp\/v2\/product_tag?post=3560"}],"curies":[{"name":"wp","href":"https:\/\/api.w.org\/{rel}","templated":true}]}}