{"id":3572,"date":"2025-12-02T17:51:48","date_gmt":"2025-12-02T16:51:48","guid":{"rendered":"https:\/\/petsontheroad.be\/product\/bouchees-au-blanc-de-poulet-et-aux-crevettes-50-g\/"},"modified":"2025-12-02T17:51:48","modified_gmt":"2025-12-02T16:51:48","slug":"bouchees-au-blanc-de-poulet-et-aux-crevettes-50-g","status":"publish","type":"product","link":"https:\/\/petsontheroad.be\/fr\/produit\/bouchees-au-blanc-de-poulet-et-aux-crevettes-50-g\/","title":{"rendered":"Bouch\u00e9es au blanc de poulet et aux crevettes 50 g"},"content":{"rendered":"<p><strong>Composition<\/strong><br \/>\nBlanc de poulet (89 %), glyc\u00e9rine, crevettes (2 %), prot\u00e9ine de soja, f\u00e9cule de pomme de terre, min\u00e9raux<br \/>\nRecette sans gluten<br \/>\n<strong>Constituants analytiques<\/strong><br \/>\nMati\u00e8res grasses 4,5 %<br \/>\nHumidit\u00e9 25 %<br \/>\nProt\u00e9ines 30 %<br \/>\nCendres brutes 4,5 %<br \/>\nFibres brutes 1,5 %<\/p>\n","protected":false},"excerpt":{"rendered":"<p>Composition Blanc de poulet (89 %), glyc\u00e9rine, crevettes (2 %), prot\u00e9ine de soja, f\u00e9cule de pomme de terre, min\u00e9raux Recette sans gluten Constituants analytiques Mati\u00e8res grasses 4,5 % Humidit\u00e9 25 % Prot\u00e9ines 30 % Cendres brutes 4,5 % Fibres brutes 1,5 %<\/p>\n","protected":false},"featured_media":2461,"menu_order":0,"comment_status":"closed","ping_status":"closed","template":"","meta":{"_acf_changed":false},"product_brand":[],"product_cat":[135],"product_tag":[],"class_list":{"0":"post-3572","1":"product","2":"type-product","3":"status-publish","4":"has-post-thumbnail","6":"product_cat-friandises","8":"first","9":"instock","10":"shipping-taxable","11":"purchasable","12":"product-type-simple"},"booking_location":null,"booking_location_type":null,"booking_duration":null,"booking_duration_unit":null,"booking_buffer":null,"booking_cost":null,"booking_resources":null,"acf":[],"_links":{"self":[{"href":"https:\/\/petsontheroad.be\/fr\/wp-json\/wp\/v2\/product\/3572","targetHints":{"allow":["GET"]}}],"collection":[{"href":"https:\/\/petsontheroad.be\/fr\/wp-json\/wp\/v2\/product"}],"about":[{"href":"https:\/\/petsontheroad.be\/fr\/wp-json\/wp\/v2\/types\/product"}],"replies":[{"embeddable":true,"href":"https:\/\/petsontheroad.be\/fr\/wp-json\/wp\/v2\/comments?post=3572"}],"wp:featuredmedia":[{"embeddable":true,"href":"https:\/\/petsontheroad.be\/fr\/wp-json\/wp\/v2\/media\/2461"}],"wp:attachment":[{"href":"https:\/\/petsontheroad.be\/fr\/wp-json\/wp\/v2\/media?parent=3572"}],"wp:term":[{"taxonomy":"product_brand","embeddable":true,"href":"https:\/\/petsontheroad.be\/fr\/wp-json\/wp\/v2\/product_brand?post=3572"},{"taxonomy":"product_cat","embeddable":true,"href":"https:\/\/petsontheroad.be\/fr\/wp-json\/wp\/v2\/product_cat?post=3572"},{"taxonomy":"product_tag","embeddable":true,"href":"https:\/\/petsontheroad.be\/fr\/wp-json\/wp\/v2\/product_tag?post=3572"}],"curies":[{"name":"wp","href":"https:\/\/api.w.org\/{rel}","templated":true}]}}