{"id":3589,"date":"2026-02-11T14:41:43","date_gmt":"2026-02-11T13:41:43","guid":{"rendered":"https:\/\/petsontheroad.be\/product\/catch-the-mouse\/"},"modified":"2026-02-11T14:41:43","modified_gmt":"2026-02-11T13:41:43","slug":"catch-the-mouse","status":"publish","type":"product","link":"https:\/\/petsontheroad.be\/fr\/produit\/catch-the-mouse\/","title":{"rendered":"Catch the mouse"},"content":{"rendered":"<p data-start=\"101\" data-end=\"361\">La nouvelle bo\u00eete de jeu interactive avec de tr\u00e8s grandes ouvertures est id\u00e9ale pour les chats de toutes races et de tous \u00e2ges. Contrairement \u00e0 de nombreuses bo\u00eetes de jeu sur le march\u00e9 fabriqu\u00e9es en carton, cette bo\u00eete est con\u00e7ue en bois solide, non toxique et respectueux de l\u2019environnement.<\/p>\n<p data-start=\"363\" data-end=\"570\">En d\u00e9pla\u00e7ant le jouet fourni \u00e0 l\u2019int\u00e9rieur de la bo\u00eete, l\u2019instinct de chasse de votre chat est activ\u00e9 et stimul\u00e9. Les diff\u00e9rentes ouvertures frais\u00e9es offrent de la vari\u00e9t\u00e9 et garantissent un plaisir de jeu durable.<\/p>\n<p data-start=\"572\" data-end=\"678\">Pour rendre la bo\u00eete encore plus attrayante, il est possible d\u2019y ajouter des \u00ab herbes \u00e0 chat \u00bb comme la cataire (catnip).<\/p>\n<p data-start=\"680\" data-end=\"815\">Ce jouet interactif en bois pour chats comprend un b\u00e2ton avec un jouet pour encore plus de stimulation et d\u2019amusement.<\/p>\n<p data-start=\"680\" data-end=\"815\">25,5 x 25,5 x 9,5 cm<\/p>\n","protected":false},"excerpt":{"rendered":"<p>La nouvelle bo\u00eete de jeu interactive avec de tr\u00e8s grandes ouvertures est id\u00e9ale pour les chats de toutes races et de tous \u00e2ges. Contrairement \u00e0 de nombreuses bo\u00eetes de jeu sur le march\u00e9 fabriqu\u00e9es en carton, cette bo\u00eete est con\u00e7ue en bois solide, non toxique et respectueux de l\u2019environnement. En d\u00e9pla\u00e7ant le jouet fourni \u00e0 [&hellip;]<\/p>\n","protected":false},"featured_media":3037,"menu_order":0,"comment_status":"closed","ping_status":"closed","template":"","meta":{"_acf_changed":false},"product_brand":[],"product_cat":[150],"product_tag":[],"class_list":{"0":"post-3589","1":"product","2":"type-product","3":"status-publish","4":"has-post-thumbnail","6":"product_cat-jouets","8":"first","9":"instock","10":"shipping-taxable","11":"purchasable","12":"product-type-simple"},"booking_location":null,"booking_location_type":null,"booking_duration":null,"booking_duration_unit":null,"booking_buffer":null,"booking_cost":null,"booking_resources":null,"acf":[],"_links":{"self":[{"href":"https:\/\/petsontheroad.be\/fr\/wp-json\/wp\/v2\/product\/3589","targetHints":{"allow":["GET"]}}],"collection":[{"href":"https:\/\/petsontheroad.be\/fr\/wp-json\/wp\/v2\/product"}],"about":[{"href":"https:\/\/petsontheroad.be\/fr\/wp-json\/wp\/v2\/types\/product"}],"replies":[{"embeddable":true,"href":"https:\/\/petsontheroad.be\/fr\/wp-json\/wp\/v2\/comments?post=3589"}],"wp:featuredmedia":[{"embeddable":true,"href":"https:\/\/petsontheroad.be\/fr\/wp-json\/wp\/v2\/media\/3037"}],"wp:attachment":[{"href":"https:\/\/petsontheroad.be\/fr\/wp-json\/wp\/v2\/media?parent=3589"}],"wp:term":[{"taxonomy":"product_brand","embeddable":true,"href":"https:\/\/petsontheroad.be\/fr\/wp-json\/wp\/v2\/product_brand?post=3589"},{"taxonomy":"product_cat","embeddable":true,"href":"https:\/\/petsontheroad.be\/fr\/wp-json\/wp\/v2\/product_cat?post=3589"},{"taxonomy":"product_tag","embeddable":true,"href":"https:\/\/petsontheroad.be\/fr\/wp-json\/wp\/v2\/product_tag?post=3589"}],"curies":[{"name":"wp","href":"https:\/\/api.w.org\/{rel}","templated":true}]}}